{"id":5,"date":"2017-11-07T09:51:04","date_gmt":"2017-11-07T09:51:04","guid":{"rendered":"http:\/\/test.boelting-it.com\/?page_id=5"},"modified":"2026-03-09T15:10:40","modified_gmt":"2026-03-09T14:10:40","slug":"one-page-express","status":"publish","type":"page","link":"https:\/\/boelting-it.com\/","title":{"rendered":"Front Page"},"content":{"rendered":"<div  data-label=\"UNTERNEHMEN\" data-id=\"features-square-image-section\" data-category=\"features\" class=\"features-square-image-section\" id=\"unternehmen\" style=\"background-color: rgb(255, 255, 255);\"> <div  class=\"gridContainer dynamic-color\"> <div  class=\"features-square-image-textrow\"> <div  class=\"features-square-image-textcol\" data-type=\"column\"> <h2  class=\"\">IT Support made in Ostwestfalen<\/h2> <p  class=\"\">Das im Jahre 2007 gegr\u00fcndete Unternehmen sieht sich als umfassender Dienstleister im Auftrag kleiner bzw. kleiner mittelst\u00e4ndischer Unternehmen, welche zumeist \u00fcber keine eigenen IT-Kapazit\u00e4ten verf\u00fcgen.\n<br ><br >Im Vordergrund steht f\u00fcr uns, eine enge, langfristige und vertrauensvolle Zusammenarbeit mit unseren Kunden zu etablieren. Wir priorisieren nicht \u2013 wie viele Mitbewerber \u2013 aufgrund des Umsatzes zwischen unseren Kunden, sondern wir geben f\u00fcr jeden unserer Kunden 100%.\n<br ><br >Neben guter Erreichbarkeit und umfassender Kenntnis im Umfeld der IT geh\u00f6ren auch zielorientierte und ad\u00e4quat dimensionierte Projektdurchf\u00fchrung sowie Kommunikation auf Augenh\u00f6he zu unseren Kernkompetenzen. \n<br ><br >Wir m\u00f6chten mit Ihnen gemeinsam IT erfolgreich gestalten.<\/p> <\/div> <\/div> <div  class=\"features-square-image-innerrow\" data-type=\"row\">   <div  class=\"features-square-image-featcol cp4cols cp6cols-tablet\">   <\/div> <\/div> <\/div><\/div><div  data-label=\"LEISTUNGEN\" data-id=\"features-coloured-icon-boxes-section\" data-category=\"features\" class=\"features-coloured-icon-boxes-section\" id=\"leistungen\" style=\"background-color: rgb(246, 246, 246);\"> <div  class=\"gridContainer\"> <div  class=\"features-coloured-icon-boxes-textrow\"> <div  class=\"features-coloured-icon-boxes-textcol dynamic-color\" data-type=\"column\"> <h2  class=\"\">Unsere Leistungen<\/h2> <p  class=\"\">Um diese Website nicht zu sehr zu \u00fcberladen, gehen wir hier nicht zu tief ins Detail. Gerne beantworten wir Ihre Fragen im pers\u00f6nlichen Dialog \u2013 nat\u00fcrlich auch auf digitalem Wege.<\/p> <\/div> <\/div> <div  class=\"features-coloured-icon-boxes-innerrow flexbox-list dark-text\" data-type=\"row\"> <div  class=\"features-coloured-icon-boxes-featurecol cp3cols cp6cols-tablet\">  <i  class=\"fa cp-icon fa2 fa-desktop\"><\/i><h4  class=\"\">HARDWARE<\/h4> <p  class=\"\">Beratung, Verkauf, Betreuung &amp; Wartung.\n<br >Profitieren Sie von unserer langj\u00e4hrigen Erfahrung im Umfeld von Servern, Desktops &amp; mobilen Endger\u00e4ten. Auf Wunsch auch ma\u00dfgeschneidert auf Ihre Anforderungen.<\/p>  <\/div> <div  class=\"features-coloured-icon-boxes-featurecol cp3cols cp6cols-tablet\">  <i  class=\"fa cp-icon fa2 fa-windows\"><\/i><h4  class=\"\">SOFTWARE<\/h4> <p  class=\"\">Egal, ob Sie Neues planen, Bestehendes erweitern, modernisieren oder einfach umstruktierieren wollen \u2013 wir unterst\u00fctzen Sie gerne hinsichtlich Standardsoftware &amp; Betriebssystemen.<\/p>  <\/div> <div  class=\"features-coloured-icon-boxes-featurecol cp3cols cp6cols-tablet\">  <i  class=\"fa cp-icon fa2 fa-shield\"><\/i><h4  class=\"\">NETZWERK &amp; SECURITY<\/h4> <p  class=\"\">Externe Mitarbeiter oder weitere Standorte sollen sicher und performant angebunden werden? Ihre IT-Sicherheit ben\u00f6tigt eine Modernisierung? Wir finden eine passende L\u00f6sung f\u00fcr Sie.<\/p>  <\/div> <div  class=\"features-coloured-icon-boxes-featurecol cp3cols cp6cols-tablet\">  <i  class=\"fa cp-icon fa2 fa-globe\"><\/i><h4  class=\"\">WEBSITE<\/h4> <p  class=\"\">Sie ben\u00f6tigen einen Internetauftritt? Eventuell auch mit der M\u00f6glichkeit, Inhalte selbst zu pflegen? \n<br >Sprechen Sie uns gerne an.<\/p>  <\/div> <\/div> <\/div><\/div><div  data-label=\"Referenzen\" data-id=\"clients-grid-section\" data-category=\"clients\" class=\"clients-grid-section\" id=\"referenzen\" style=\"background-color: rgb(255, 255, 255);\"> <div  class=\"gridContainer\"> <div  class=\"clients-grid-textrow row\" data-type=\"column\"> <div  data-type=\"column\" class=\"clients-grid-textcol dynamic-color\"> <h2  class=\"\">Einige unserer Kunden<\/h2>  <p  class=\"\">Unterschiedliche Branchen und Mitarbeiterzahlen, unterschiedliche Anspr\u00fcche und Herausforderungen. Wir sind stolz auf unsere zufriedenen Kunden.<\/p><\/div> <\/div> <div  class=\"row\" data-type=\"row\" data-add-content=\"false\"> <div  class=\"clients-grid-itemcol cp3cols cp3cols-tablet\"> <div  class=\"middle_align5\"><a  href=\"http:\/\/www.rebie.de\" target=\"_blank\" class=\"\" rel=\"noopener noreferrer\"><img  decoding=\"async\" class=\"clients-grid-itemimg\" src=\"https:\/\/boelting-it.com\/wp-content\/uploads\/2017\/11\/rebie.png\"><\/a> <\/div> <\/div> <div  class=\"clients-grid-itemcol cp3cols cp3cols-tablet\"> <div  class=\"middle_align5\"><a  href=\"http:\/\/www.schoening.de\" target=\"_blank\" class=\"\" rel=\"noopener noreferrer\"><img  decoding=\"async\" class=\"clients-grid-itemimg\" src=\"https:\/\/boelting-it.com\/wp-content\/uploads\/2017\/11\/schoening.png\"><\/a> <\/div> <\/div> <div  class=\"clients-grid-itemcol cp3cols cp3cols-tablet\"> <div  class=\"middle_align5\"><a  href=\"http:\/\/www.heck-kaeltetechnik.de\" target=\"_blank\" class=\"\" rel=\"noopener noreferrer\"><img  decoding=\"async\" class=\"clients-grid-itemimg\" src=\"https:\/\/boelting-it.com\/wp-content\/uploads\/2017\/11\/heck.gif\"><\/a> <\/div> <\/div> <div  class=\"clients-grid-itemcol cp3cols cp3cols-tablet\"> <div  class=\"middle_align5\"><a  href=\"https:\/\/werbaplast.com\" target=\"_blank\" class=\"\" rel=\"noopener noreferrer\"><img  decoding=\"async\" class=\"clients-grid-itemimg\" src=\"https:\/\/boelting-it.com\/wp-content\/uploads\/2021\/09\/werba.jpg\"><\/a> <\/div> <\/div> <a  href=\"#\" target=\"blank\" rel=\"noopener noreferrer\"> <\/a>   <div  class=\"clients-grid-itemcol cp3cols cp3cols-tablet\"> <div  class=\"middle_align5\"><a  href=\"http:\/\/www.invenity.de\" target=\"_blank\" class=\"\" rel=\"noopener noreferrer\"><img  decoding=\"async\" class=\"clients-grid-itemimg\" src=\"https:\/\/boelting-it.com\/wp-content\/uploads\/2021\/09\/invenity.jpg\"><\/a> <\/div> <\/div><div  class=\"clients-grid-itemcol cp3cols cp3cols-tablet\"> <div  class=\"middle_align5\"><a  href=\"http:\/\/www.ksiconsult.com\" target=\"_blank\" class=\"\" rel=\"noopener noreferrer\"><img  decoding=\"async\" class=\"clients-grid-itemimg\" src=\"https:\/\/boelting-it.com\/wp-content\/uploads\/2017\/11\/ksi.jpg\"><\/a> <\/div> <\/div><div  class=\"clients-grid-itemcol cp3cols cp3cols-tablet\"> <div  class=\"middle_align5\"><a  href=\"http:\/\/www.cafe-knigge.de\" target=\"_blank\" class=\"\" rel=\"noopener noreferrer\"><img  decoding=\"async\" class=\"clients-grid-itemimg\" src=\"https:\/\/boelting-it.com\/wp-content\/uploads\/2017\/11\/knigge.jpg\"><\/a> <\/div> <\/div><div  class=\"clients-grid-itemcol cp3cols cp3cols-tablet\"> <div  class=\"middle_align5\"><a  href=\"http:\/\/www.agenda.ag\" target=\"_blank\" class=\"\" rel=\"noopener noreferrer\"><img  decoding=\"async\" class=\"clients-grid-itemimg\" src=\"https:\/\/boelting-it.com\/wp-content\/uploads\/2017\/11\/AGENDA_Logo_400px.jpg\"><\/a> <\/div> <\/div><\/div> <\/div><\/div><div  data-label=\"KONTAKT\" data-id=\"about-text-icons-section\" data-category=\"about\" class=\"about-text-icons-section\" id=\"kontakt\" style=\"background-color: rgb(255, 255, 255);\"> <div  class=\"gridContainer\"> <div  class=\"about-text-icons-innerrow dynamic-color\"> <div  class=\"about-text-icons-textcol\" data-type=\"column\"> <h5  class=\"\"><\/h5> <h3  class=\"\">Kontakt<\/h3> <p  class=\"\">\u00d6ffnungszeiten: Montag \u2013 Freitag 09:00h bis 18:00h&nbsp;<\/p> <\/div> <div  class=\"about-text-icons-cols flexbox-list\"> <div  class=\"about-text-icons-iconcol\"> <i  data-cp-fa=\"true\" class=\"font-icon-21 fa fa-phone color1\"><\/i> <h4 >Festnetz<\/h4> <p >05203 \u2013 90 25 950<\/p><a  href=\"#\" target=\"_self\" data-reiki-hidden=\"true\" rel=\"noopener\"><i  data-cp-fa=\"true\" class=\"font-icon-20 fa fa-angle-double-right color7\"><\/i>&nbsp;learn more<\/a> <\/div> <div  class=\"about-text-icons-iconcol\"> <i  data-cp-fa=\"true\" class=\"font-icon-21 fa fa-mobile color1\"><\/i> <h4 >Mobil<\/h4> <p >0176 \u2013 615 74 338<\/p><a  href=\"#\" target=\"_self\" data-reiki-hidden=\"true\" rel=\"noopener\"><i  data-cp-fa=\"true\" class=\"font-icon-20 fa fa-angle-double-right color7\"><\/i>&nbsp;learn more<\/a> <\/div> <div  class=\"about-text-icons-iconcol\"> <i  data-cp-fa=\"true\" class=\"font-icon-21 fa fa-envelope-o color1\"><\/i> <h4 >E-Mail<\/h4> <p >&#x69;&#x6e;&#x66;&#x6f;&#x40;&#x62;&#x6f;&#101;&#108;&#116;&#105;&#110;g-it&#x2e;&#x63;&#x6f;&#x6d;<\/p><a  href=\"#\" target=\"_self\" data-reiki-hidden=\"true\" rel=\"noopener\"><i  data-cp-fa=\"true\" class=\"font-icon-20 fa fa-angle-double-right color7\"><\/i>&nbsp;learn more<\/a> <\/div> <div  class=\"about-text-icons-iconcol\"> <i  data-cp-fa=\"true\" class=\"font-icon-21 fa fa-fax color1\"><\/i> <h4 >Fax<\/h4> <p >0521 \u2013 934 549 46<\/p><a  href=\"#\" target=\"_self\" data-reiki-hidden=\"true\" rel=\"noopener\"><i  data-cp-fa=\"true\" class=\"font-icon-20 fa fa-angle-double-right color7\"><\/i>&nbsp;learn more<\/a> <\/div> <\/div> <\/div> <\/div><\/div><div  data-label=\"Features\" data-id=\"features-small-icon-cards-section\" data-category=\"features\" class=\"features-small-icon-cards-section\" id=\"features-5\" style=\"background-color: rgb(219, 219, 219); background-image: none;\" data-ovid=\"ovid-features-5-1936\"> <div  class=\"gridContainer\"> <div  class=\"features-small-icon-cards-textrow\"> <div  class=\"features-small-icon-cards-textcol dynamic-color\" data-type=\"column\">   <\/div> <\/div> <div  class=\"features-small-icon-cards-featuresrow dark-text\" data-type=\"row\">     <div  class=\"features-small-icon-cards-featcol color1\"> <div  class=\"features-small-icon-cards-featinnerrow\"> <div  class=\"features-small-icon-cards-iconcol\"> <i  data-cp-fa=\"true\" class=\"font-icon-23 fa fa-lock color6\"><\/i> <\/div> <div  class=\"features-small-icon-cards-feattextcol\" data-type=\"column\">   <p  class=\"\">Hier geht es zur Datenschutzerkl\u00e4rung<\/p><a  class=\"button color1\" href=\"https:\/\/boelting-it.com?page_id=327\" target=\"_self\" data-icon=\"\" rel=\"noopener noreferrer\">DATENSCHUTZ<\/a><\/div> <\/div> <\/div> <div  class=\"features-small-icon-cards-featcol color1\"> <div  class=\"features-small-icon-cards-featinnerrow\"> <div  class=\"features-small-icon-cards-iconcol\"> <i  data-cp-fa=\"true\" class=\"font-icon-23 fa fa-legal color6\"><\/i> <\/div> <div  class=\"features-small-icon-cards-feattextcol\" data-type=\"column\">   <p  class=\"\">Hier geht es zum Impressum<\/p><a  class=\"button color1\" href=\"https:\/\/boelting-it.com?page_id=336\" target=\"_self\" data-icon=\"\" rel=\"noopener noreferrer\">IMPRESSUM<\/a><\/div> <\/div> <\/div> <\/div> <\/div><\/div>","protected":false},"excerpt":{"rendered":"<p>IT Support made in Ostwestfalen Das im Jahre 2007 gegr\u00fcndete Unternehmen sieht sich als umfassender Dienstleister im Auftrag kleiner bzw. kleiner mittelst\u00e4ndischer Unternehmen, welche zumeist \u00fcber keine eigenen IT-Kapazit\u00e4ten verf\u00fcgen. Im Vordergrund steht f\u00fcr uns, eine enge, langfristige und vertrauensvolle Zusammenarbeit mit unseren Kunden zu etablieren. Wir priorisieren nicht \u2013 wie viele Mitbewerber \u2013 aufgrund&hellip; <br \/> <a class=\"button small blue\" href=\"https:\/\/boelting-it.com\/?p=1\">Weiterlesen<\/a><\/p>\n","protected":false},"author":1,"featured_media":0,"parent":0,"menu_order":0,"comment_status":"closed","ping_status":"closed","template":"full-width-page.php","meta":{"footnotes":""},"class_list":["post-5","page","type-page","status-publish","hentry"],"_links":{"self":[{"href":"https:\/\/boelting-it.com\/index.php?rest_route=\/wp\/v2\/pages\/5","targetHints":{"allow":["GET"]}}],"collection":[{"href":"https:\/\/boelting-it.com\/index.php?rest_route=\/wp\/v2\/pages"}],"about":[{"href":"https:\/\/boelting-it.com\/index.php?rest_route=\/wp\/v2\/types\/page"}],"author":[{"embeddable":true,"href":"https:\/\/boelting-it.com\/index.php?rest_route=\/wp\/v2\/users\/1"}],"replies":[{"embeddable":true,"href":"https:\/\/boelting-it.com\/index.php?rest_route=%2Fwp%2Fv2%2Fcomments&post=5"}],"version-history":[{"count":117,"href":"https:\/\/boelting-it.com\/index.php?rest_route=\/wp\/v2\/pages\/5\/revisions"}],"predecessor-version":[{"id":456,"href":"https:\/\/boelting-it.com\/index.php?rest_route=\/wp\/v2\/pages\/5\/revisions\/456"}],"wp:attachment":[{"href":"https:\/\/boelting-it.com\/index.php?rest_route=%2Fwp%2Fv2%2Fmedia&parent=5"}],"curies":[{"name":"wp","href":"https:\/\/api.w.org\/{rel}","templated":true}]}}